{"id":61,"date":"2012-12-30T15:14:16","date_gmt":"2012-12-30T13:14:16","guid":{"rendered":"http:\/\/localhost\/gantry\/?page_id=61"},"modified":"2013-08-31T18:17:09","modified_gmt":"2013-08-31T16:17:09","slug":"legaturi-utile","status":"publish","type":"page","link":"http:\/\/www.resursemediu.ro\/?page_id=61&amp;lang=ro","title":{"rendered":"Leg\u0103turi utile"},"content":{"rendered":"\n<ul class=\"list-10\">\n<li>Agen\u021bia European\u0103 de Mediu (EEA) &#8211; <a href=\"http:\/\/www.eea.eu\/\" target=\"_blank\"><strong>LINK<\/strong><\/a><\/li>\n<li>Comisia Economic\u0103- European\u0103 a Na\u021biunilor Unite (UNECE) &#8211; <a href=\"http:\/\/www.unece.org\/\" target=\"_blank\"><strong>LINK<\/strong><\/a><\/li>\n<li>Programul Na\u021biunilor Unite pentru Mediu (UNEP) &#8211; <a href=\"http:\/\/www.unep.net\/\" target=\"_blank\"><strong>LINK<\/strong><\/a><\/li>\n<li>Organiza\u021bia European\u0103 de Reconstruc\u021bie \u0219i Dezvoltare (OECD) &#8211; <a href=\"http:\/\/www.oecd.org\/\" target=\"_blank\"><strong>LINK<\/strong><\/a><\/li>\n<li>Diviziunea European\u0103 a Programului Na\u021biunilor Unite pentru Mediu (GRID- Arendal) &#8211; <a href=\"http:\/\/www.grida.no\/\" target=\"_blank\"><strong>LINK<\/strong><\/a><\/li>\n<li>Organiza\u021bia Mondial\u0103 a S\u0103n\u0103t\u0103\u021bii (WHO) &#8211; <a href=\"http:\/\/www.who.org\/\" target=\"_blank\"><strong>LINK<\/strong><\/a><\/li>\n<li>Organiza\u021bia Mondial\u0103 pentru Meteorologie (WMO) &#8211; <a href=\"http:\/\/www.wmo.org\/\" target=\"_blank\"><strong>LINK<\/strong><\/a><\/li>\n<\/ul>\n<p><strong>Institu\u021bii de mediu din \u021b\u0103ri vecine<\/strong><\/p>\n<ul class=\"list-10\">\n<li><a href=\"http:\/\/www.bmlfuw.gv.at\" target=\"_blank\">Austria<\/a><\/li>\n<li><a href=\"http:\/\/www.minpriroda.by\" target=\"_blank\">Bielorusia<\/a><\/li>\n<li><a href=\"http:\/\/www.env.cz\/\" target=\"_blank\">Cehia<\/a><\/li>\n<li><a href=\"http:\/\/www.mzopu.hr\/\" target=\"_blank\">Croa\u021bia<\/a><\/li>\n<li><a href=\"http:\/\/www.mnr.gov.ru\/\" target=\"_blank\">Federa\u021bia Rus\u0103<\/a><\/li>\n<li><a href=\"http:\/\/www.minambiente.it\/\" target=\"_blank\">Italia<\/a><\/li>\n<li><a href=\"http:\/\/www.menr.gov.ua\/\" target=\"_blank\">Ucraina<\/a><\/li>\n<\/ul>\n\n","protected":false},"excerpt":{"rendered":"","protected":false},"author":2,"featured_media":0,"parent":0,"menu_order":0,"comment_status":"open","ping_status":"open","template":"","meta":{"ngg_post_thumbnail":0,"footnotes":""},"class_list":["post-61","page","type-page","status-publish","hentry"],"_links":{"self":[{"href":"http:\/\/www.resursemediu.ro\/index.php?rest_route=\/wp\/v2\/pages\/61","targetHints":{"allow":["GET"]}}],"collection":[{"href":"http:\/\/www.resursemediu.ro\/index.php?rest_route=\/wp\/v2\/pages"}],"about":[{"href":"http:\/\/www.resursemediu.ro\/index.php?rest_route=\/wp\/v2\/types\/page"}],"author":[{"embeddable":true,"href":"http:\/\/www.resursemediu.ro\/index.php?rest_route=\/wp\/v2\/users\/2"}],"replies":[{"embeddable":true,"href":"http:\/\/www.resursemediu.ro\/index.php?rest_route=%2Fwp%2Fv2%2Fcomments&post=61"}],"version-history":[{"count":10,"href":"http:\/\/www.resursemediu.ro\/index.php?rest_route=\/wp\/v2\/pages\/61\/revisions"}],"predecessor-version":[{"id":209,"href":"http:\/\/www.resursemediu.ro\/index.php?rest_route=\/wp\/v2\/pages\/61\/revisions\/209"}],"wp:attachment":[{"href":"http:\/\/www.resursemediu.ro\/index.php?rest_route=%2Fwp%2Fv2%2Fmedia&parent=61"}],"curies":[{"name":"wp","href":"https:\/\/api.w.org\/{rel}","templated":true}]}}