{"id":57,"date":"2012-12-30T15:07:06","date_gmt":"2012-12-30T13:07:06","guid":{"rendered":"http:\/\/localhost\/gantry\/?page_id=57"},"modified":"2013-08-31T18:07:39","modified_gmt":"2013-08-31T16:07:39","slug":"legislatie","status":"publish","type":"page","link":"http:\/\/www.resursemediu.ro\/?page_id=57&amp;lang=ro","title":{"rendered":"Legisla\u021bie"},"content":{"rendered":"\n<ul class=\"list-9\">\n<li><a title=\"Legea 17\/1990 actualizata regimul apelor maritime\" href=\"http:\/\/legeaz.net\/legea-17-1990-regimul-apelor-maritime-interioare\/\">Legea 17 1990 privind regimul juridic al apelor maritime interioare, al m\u0103rii teritoriale, al zonei contigue \u015fi al zonei economice exclusive ale Rom\u00e2niei<\/a><\/li>\n<li><a href=\"http:\/\/legeaz.net\/legea-apelor-107-1996\/\">Legea 107 1996 a apelor<\/a><\/li>\n<li><a href=\"http:\/\/legeaz.net\/legea-111-1996-activitatilor-nucleare\/\">Legea 111 1996 privind desf\u0103\u015furarea \u00een siguran\u0163\u0103, reglementarea, autorizarea \u015fi controlul activit\u0103\u0163ilor nucleare<\/a><\/li>\n<li><a title=\"Legea 214 2011 a pajistilor\" href=\"http:\/\/legeaz.net\/index.php?option=com_content&amp;view=category&amp;id=388\">Legea 214 2011\u00a0pentru organizarea, administrarea \u015fi exploatarea paji\u015ftilor<\/a><\/li>\n<li><a title=\"Legea 255 1998 privind protec\u0163ia noilor soiuri de plante\" href=\"http:\/\/legeaz.net\/text-integral\/legea-255-1998-privind-protecia-noilor-soiuri-de-plante\">Legea 255 1998 privind protec\u0163ia noilor soiuri de plante<\/a><\/li>\n<li><a title=\"Legea 178\/2000 produsele cosmetice\" href=\"http:\/\/legeaz.net\/index.php?option=com_content&amp;view=category&amp;id=197\">Legea 178 2000 privind produsele cosmetice<\/a><\/li>\n<li><a title=\"Legea 289 2002 perdele forestiere de protec\u0163ie\" href=\"http:\/\/legeaz.net\/index.php?option=com_content&amp;view=article&amp;id=63292&amp;catid=239\">Legea 289 2002 privind perdelele forestiere de protec\u0163ie<\/a><\/li>\n<li><a title=\"Lege 458\/2002 actualizata\" href=\"http:\/\/legeaz.net\/legea-458-2002-calitatea-apei-potabile\/\">Legea 458 2002 privind calitatea apei potabile<\/a><\/li>\n<li><a title=\"Legea minelor 85 2003 actualizata\" href=\"http:\/\/legeaz.net\/legea-minelor-85-2003\/\">Legea minelor 85 2003<\/a><\/li>\n<li><a title=\"Legea petrolului. Legea 238\/2004\" href=\"http:\/\/legeaz.net\/legea-petrolului-238-2004\/\">Legea 238 2004 petrolului<\/a><\/li>\n<li><a title=\"Legea muntelui Legea 347 din 2004\" href=\"http:\/\/legeaz.net\/index.php?option=com_content&amp;view=category&amp;id=316\">Legea 347 din 2004 legea muntelui<\/a><\/li>\n<li><a href=\"http:\/\/legeaz.net\/legea-407-2006-vanatorii\/\">Legea 407 2006 v\u00e2n\u0103torii \u015fi a protec\u0163iei fondului cinegetic<\/a><\/li>\n<li><a title=\"Legea 24 2007 actualizata si republicata. Legea spatiilor verzi\" href=\"http:\/\/legeaz.net\/text-integral\/legea-24-2007-actualizata-si-republicata-legea-spatiilor-verzi\">Legea 24 2007 actualizat\u0103 \u015fi republicat\u0103. Legea privind reglementarea \u015fi administrarea spa\u0163iilor verzi din intravilanul localit\u0103\u0163ilor<\/a><\/li>\n<li><a href=\"http:\/\/legeaz.net\/codul-silvic-legea-46-2008\/\">Legea 46 2008 Codul silvic<\/a><\/li>\n<li><a title=\"Legea 220 2008 actualizata si republicata\" href=\"http:\/\/legeaz.net\/legea-220-2008-actualizata-si-republicata\/\">Legea 220 2008\u00a0pentru stabilirea sistemului de promovare a producerii energiei din surse regenerabile de energie<\/a><\/li>\n<li><a title=\"Legea 171 2010 actualizata Contraventiilor silvice\" href=\"http:\/\/legeaz.net\/legea-171-2010-actualizata-contraventiilor-silvice\/\">Legea 171 2010 actualizata Legea contraventiilor silvice si a sanctionarii acestora<\/a><\/li>\n<li><a title=\"Legea 132 2010 Legea colectarii selective a deseurilor\" href=\"http:\/\/legeaz.net\/text-integral\/legea-132-2010-legea-colectarii-selective-a-deseurilor\">Legea 132 2010 privind colectarea selectiv\u0103 a de\u015feurilor \u00een institu\u0163iile publice<\/a><\/li>\n<li><a title=\"Legea 211 2011 regimul deseurilor\" href=\"http:\/\/legeaz.net\/index.php?option=com_content&amp;view=category&amp;id=396\">Legea 211 2011 privind regimul de\u015feurilor<\/a><\/li>\n<\/ul>\n\n","protected":false},"excerpt":{"rendered":"","protected":false},"author":2,"featured_media":0,"parent":0,"menu_order":0,"comment_status":"open","ping_status":"open","template":"","meta":{"ngg_post_thumbnail":0,"footnotes":""},"class_list":["post-57","page","type-page","status-publish","hentry"],"_links":{"self":[{"href":"http:\/\/www.resursemediu.ro\/index.php?rest_route=\/wp\/v2\/pages\/57","targetHints":{"allow":["GET"]}}],"collection":[{"href":"http:\/\/www.resursemediu.ro\/index.php?rest_route=\/wp\/v2\/pages"}],"about":[{"href":"http:\/\/www.resursemediu.ro\/index.php?rest_route=\/wp\/v2\/types\/page"}],"author":[{"embeddable":true,"href":"http:\/\/www.resursemediu.ro\/index.php?rest_route=\/wp\/v2\/users\/2"}],"replies":[{"embeddable":true,"href":"http:\/\/www.resursemediu.ro\/index.php?rest_route=%2Fwp%2Fv2%2Fcomments&post=57"}],"version-history":[{"count":8,"href":"http:\/\/www.resursemediu.ro\/index.php?rest_route=\/wp\/v2\/pages\/57\/revisions"}],"predecessor-version":[{"id":208,"href":"http:\/\/www.resursemediu.ro\/index.php?rest_route=\/wp\/v2\/pages\/57\/revisions\/208"}],"wp:attachment":[{"href":"http:\/\/www.resursemediu.ro\/index.php?rest_route=%2Fwp%2Fv2%2Fmedia&parent=57"}],"curies":[{"name":"wp","href":"https:\/\/api.w.org\/{rel}","templated":true}]}}