{"id":35,"date":"2012-12-30T12:07:54","date_gmt":"2012-12-30T12:07:54","guid":{"rendered":"http:\/\/localhost\/gantry\/?page_id=35"},"modified":"2013-08-30T11:42:37","modified_gmt":"2013-08-30T09:42:37","slug":"cine-suntem","status":"publish","type":"page","link":"http:\/\/www.resursemediu.ro\/?page_id=35&amp;lang=ro","title":{"rendered":"Cine suntem"},"content":{"rendered":"<p>CRM \u2013 Centrul de Resurse pentru Mediu \u2013 este o societate comercial\u0103 cu capital integral rom\u00e2nesc, \u00eenfiin\u021bat\u0103 pentru a r\u0103spunde unor cerin\u021be \u201ede ni\u0219\u0103\u201d ale pie\u021bei de management \u0219i consultan\u021b\u0103 din Rom\u00e2nia. Ni\u0219a pe care o viz\u0103m est cea a sprijinului pentru proiectele aplicate \u00een domeniile noilor tehnologii orientate spre \u201eenergia verde\u201d \u0219i \u00een egal\u0103 m\u0103sur\u0103 spre acele tehnologii nepoluante, \u201eprietenoase fa\u021b\u0103 de mediu\u201d.<\/p>\n<p>CRM are \u00een ac\u021bionariatul s\u0103u compania S.C. DISCIMUS S.R.L., o companie care a luat fiin\u021b\u0103 \u00een anul 2003 \u0219i care a acumulat mai mult\u0103 experien\u021b\u0103 \u00een domeniul s\u0103u de activitate.<\/p>\n<p>Axat pe oferirea de servicii de asisten\u021b\u0103 \u00een toate etapele de realizare a proiectelor de investi\u021bii, CRM este preocupat s\u0103 sprijine acele proiecte prin care se promoveaz\u0103 principiile dezvolt\u0103rii durabile, exploatarea \u0219i valorificarea durabil\u0103 a resurselor naturale, precum \u0219i egalitatea de \u0219anse \u00eentre genera\u021bia uman\u0103 actual\u0103 \u0219i cele care vor urma.<\/p>\n","protected":false},"excerpt":{"rendered":"<p>CRM \u2013 Centrul de Resurse pentru Mediu \u2013 este o societate comercial\u0103 cu capital integral rom\u00e2nesc, \u00eenfiin\u021bat\u0103 pentru a r\u0103spunde unor cerin\u021be \u201ede ni\u0219\u0103\u201d ale pie\u021bei de management \u0219i consultan\u021b\u0103 din Rom\u00e2nia. Ni\u0219a pe care o viz\u0103m est cea a sprijinului pentru proiectele aplicate \u00een domeniile noilor [&hellip;]<\/p>\n","protected":false},"author":2,"featured_media":0,"parent":0,"menu_order":0,"comment_status":"open","ping_status":"open","template":"","meta":{"ngg_post_thumbnail":0,"footnotes":""},"class_list":["post-35","page","type-page","status-publish","hentry"],"_links":{"self":[{"href":"http:\/\/www.resursemediu.ro\/index.php?rest_route=\/wp\/v2\/pages\/35","targetHints":{"allow":["GET"]}}],"collection":[{"href":"http:\/\/www.resursemediu.ro\/index.php?rest_route=\/wp\/v2\/pages"}],"about":[{"href":"http:\/\/www.resursemediu.ro\/index.php?rest_route=\/wp\/v2\/types\/page"}],"author":[{"embeddable":true,"href":"http:\/\/www.resursemediu.ro\/index.php?rest_route=\/wp\/v2\/users\/2"}],"replies":[{"embeddable":true,"href":"http:\/\/www.resursemediu.ro\/index.php?rest_route=%2Fwp%2Fv2%2Fcomments&post=35"}],"version-history":[{"count":4,"href":"http:\/\/www.resursemediu.ro\/index.php?rest_route=\/wp\/v2\/pages\/35\/revisions"}],"predecessor-version":[{"id":148,"href":"http:\/\/www.resursemediu.ro\/index.php?rest_route=\/wp\/v2\/pages\/35\/revisions\/148"}],"wp:attachment":[{"href":"http:\/\/www.resursemediu.ro\/index.php?rest_route=%2Fwp%2Fv2%2Fmedia&parent=35"}],"curies":[{"name":"wp","href":"https:\/\/api.w.org\/{rel}","templated":true}]}}