{"id":26,"date":"2012-12-30T11:26:00","date_gmt":"2012-12-30T11:26:00","guid":{"rendered":"http:\/\/localhost\/gantry\/?page_id=26"},"modified":"2013-08-30T15:04:12","modified_gmt":"2013-08-30T13:04:12","slug":"studii-de-mediu","status":"publish","type":"page","link":"http:\/\/www.resursemediu.ro\/?page_id=26&amp;lang=ro","title":{"rendered":"Domenii \u00een care de\u021binem expertiz\u0103 atestat\u0103"},"content":{"rendered":"<div class=\"success\"><div class=\"msg-box-icon pngfix\"><strong>Studii de mediu<\/strong><\/div><\/div>\n<strong>Studii care stau la baza adopt\u0103rii planurilor \u0219i programelor<\/strong>:<br \/>\n\n<ul class=\"list-1\">\n<li>Evaluare de mediu &#8211; Raport de mediu<\/li>\n<li>Studiu de evaluare adecvat\u0103<\/li>\n<\/ul>\n\n<p><strong>Studii care stau la baza ob\u021binerii autoriza\u021biei de construire\/demolare<\/strong>:<br \/>\n\n<ul class=\"list-1\">\n<li>Memoriul de prezentare \u00een etapa de \u00eencadrare pentru realizarea evalu\u0103rii impactului asupra mediului<\/li>\n<li>Evaluarea impactului asupra mediului \u2013 Raport de evaluare a impactului asupra mediului<\/li>\n<li>Studiu de evaluare adecvat\u0103<\/li>\n<li>Raport de amplasament<\/li>\n<\/ul>\n\n<strong>Studii care stau la baza ob\u021binerii autoriza\u021biei de mediu<\/strong>:<br \/>\n\n<ul class=\"list-1\">\n<li>Bilan\u021b de mediu de nivel I<\/li>\n<li>Bilan\u021b de mediu de nivel II<\/li>\n<li>Raport de amplasament<\/li>\n<\/ul>\n\n<p><strong>Studii pentru evaluarea calit\u0103\u021bii factorilor de mediu<\/strong>:<\/p>\n<ul>\n<li>Studii privind dispersia poluan\u021bilor solizi \u0219i gazo\u0219i \u00een aerul atmosferic<\/li>\n<li>Studii privind dispersia poluan\u021bilor \u00een mediul acvatic<\/li>\n<li>Studii privind propagarea zgomotului<\/li>\n<li>Evaluarea grafic\u0103 a st\u0103rii mediului cu ajutorul h\u0103r\u021bilor tematice pe suport GIS, Global Mapper, etc.<\/li>\n<\/ul>\n<div class=\"success\"><div class=\"msg-box-icon pngfix\"><strong>Managementul proiectelor<\/strong><\/div><\/div>\n<strong>Manager de proiect<\/strong>:<br \/>\n\n<ul class=\"list-1\">\n<li>\u00cen faza de concep\u021bie \u2013 formulare<\/li>\n<li>\u00cen faza de ob\u021binere a finan\u021b\u0103rii<\/li>\n<li>\u00cen faza de implementare \u2013 operare<\/li>\n<\/ul>\n\n<p><strong>Managementul procedurilor de reglementare tehnico &#8211; juridic\u0103 \u0219i administrativ\u0103 a proiectelor<\/strong>:<br \/>\n\n<ul class=\"list-1\">\n<li>reglementare din punct de vedere al protec\u021biei mediului<\/li>\n<li>reglementare de gospod\u0103rire a apelor<\/li>\n<li>reglementare din punct de vedere al de\u021bin\u0103torilor de utilit\u0103\u021bi \u0219i patrimoniu tehnic<\/li>\n<li>reglementare din punct de vedere al altor autorit\u0103\u021bi de reglementare special\u0103 (consilii locale \u0219i jude\u021bene, \u00een domeniului transporturilor, energiei, siguran\u021bei construc\u021biilor, etc.)<\/li>\n<\/ul>\n\n<div class=\"success\"><div class=\"msg-box-icon pngfix\"><strong>Managementul \u0219i auditul de mediu<\/strong><\/div><\/div>\n\n<ul class=\"list-1\">\n<li>Auditor de mediu<\/li>\n<li>Manager de mediu \u2013 serviciu externalizat oferit beneficiarilor<\/li>\n<li>\u00centocmirea planurilor de management al ariilor naturale protejate<\/li>\n<\/ul>\n\n<div class=\"success\"><div class=\"msg-box-icon pngfix\"><strong>Monitoringul mediului<\/strong><\/div><\/div>\n\n<ul class=\"list-1\">\n<li>Proiectarea sistemelor de monitorizare a factorilor de mediu<\/li>\n<li>Monitoringul efectelor implement\u0103rii proiectelor asupra factorilor de mediu<\/li>\n<li>Evaluarea st\u0103rii de conservare a mediului natural \u2013 habitate, specii de flor\u0103 \u0219i faun\u0103<\/li>\n<li>Redactarea rapoartelor de sintez\u0103 privind calitatea mediului<\/li>\n<\/ul>\n\n<div class=\"success\"><div class=\"msg-box-icon pngfix\"><strong> Sprijin pentru formarea corpului de speciali\u0219ti \u00een domeniul mediului<\/strong><\/div><\/div>\n\n<ul class=\"list-1\">\n<li>Organizarea\/sus\u021binerea de cursuri pentru responsabil de mediu la nivel de organiza\u021bie\/agent economic<\/li>\n<li>Organizarea\/sus\u021binerea de cursuri de responsabil cu gestiunea de\u0219eurilor la nivel de organiza\u021bie\/agent economic<\/li>\n<\/ul>\n\n&nbsp;<\/p>\n","protected":false},"excerpt":{"rendered":"<p>Studii care stau la baza adopt\u0103rii planurilor \u0219i programelor: Studii care stau la baza ob\u021binerii autoriza\u021biei de construire\/demolare: Studii care stau la baza ob\u021binerii autoriza\u021biei de mediu: Studii pentru evaluarea calit\u0103\u021bii factorilor de mediu: Studii privind dispersia poluan\u021bilor solizi \u0219i gazo\u0219i \u00een aerul atmosferic Studii privind dispersia [&hellip;]<\/p>\n","protected":false},"author":2,"featured_media":0,"parent":0,"menu_order":0,"comment_status":"open","ping_status":"open","template":"","meta":{"ngg_post_thumbnail":0,"footnotes":""},"class_list":["post-26","page","type-page","status-publish","hentry"],"_links":{"self":[{"href":"http:\/\/www.resursemediu.ro\/index.php?rest_route=\/wp\/v2\/pages\/26","targetHints":{"allow":["GET"]}}],"collection":[{"href":"http:\/\/www.resursemediu.ro\/index.php?rest_route=\/wp\/v2\/pages"}],"about":[{"href":"http:\/\/www.resursemediu.ro\/index.php?rest_route=\/wp\/v2\/types\/page"}],"author":[{"embeddable":true,"href":"http:\/\/www.resursemediu.ro\/index.php?rest_route=\/wp\/v2\/users\/2"}],"replies":[{"embeddable":true,"href":"http:\/\/www.resursemediu.ro\/index.php?rest_route=%2Fwp%2Fv2%2Fcomments&post=26"}],"version-history":[{"count":11,"href":"http:\/\/www.resursemediu.ro\/index.php?rest_route=\/wp\/v2\/pages\/26\/revisions"}],"predecessor-version":[{"id":199,"href":"http:\/\/www.resursemediu.ro\/index.php?rest_route=\/wp\/v2\/pages\/26\/revisions\/199"}],"wp:attachment":[{"href":"http:\/\/www.resursemediu.ro\/index.php?rest_route=%2Fwp%2Fv2%2Fmedia&parent=26"}],"curies":[{"name":"wp","href":"https:\/\/api.w.org\/{rel}","templated":true}]}}