{"id":157,"date":"2013-08-30T13:55:32","date_gmt":"2013-08-30T11:55:32","guid":{"rendered":"http:\/\/www.resursemediu.ro\/?page_id=157"},"modified":"2013-08-31T18:16:01","modified_gmt":"2013-08-31T16:16:01","slug":"geberatoare-eoliene-langa-moldova-noua","status":"publish","type":"page","link":"http:\/\/www.resursemediu.ro\/?page_id=157&amp;lang=ro","title":{"rendered":"Generatoare eoliene l\u00e2ng\u0103 Moldova Nou\u0103"},"content":{"rendered":"<p><!-- index.php -->\n<div\n\tclass=\"ngg-galleryoverview\n\t ngg-ajax-pagination-none\t\"\n\tid=\"ngg-gallery-a60c3215a8d172c273fa46213df171ed-1\">\n\n\t\t\t<!-- Thumbnails -->\n\t\t\t\t<div id=\"ngg-image-0\" class=\"ngg-gallery-thumbnail-box\"\n\t\t\t\t\t\t\t\t\t\t\t>\n\t\t\t\t\t\t<div class=\"ngg-gallery-thumbnail\">\n\t\t\t<a href=\"http:\/\/www.resursemediu.ro\/wp-content\/gallery\/eoliene\/p1050719.jpg\"\n\t\t\t\ttitle=\" \"\n\t\t\t\tdata-src=\"http:\/\/www.resursemediu.ro\/wp-content\/gallery\/eoliene\/p1050719.jpg\"\n\t\t\t\tdata-thumbnail=\"http:\/\/www.resursemediu.ro\/wp-content\/gallery\/eoliene\/thumbs\/thumbs_p1050719.jpg\"\n\t\t\t\tdata-image-id=\"17\"\n\t\t\t\tdata-title=\"p1050719\"\n\t\t\t\tdata-description=\" \"\n\t\t\t\tdata-image-slug=\"p1050719-2\"\n\t\t\t\t\t\t\t\t\t\t\t\t\t\t\t\t\t\t\t\tclass=\"ngg-fancybox\" rel=\"a60c3215a8d172c273fa46213df171ed\">\n\t\t\t\t\t\t\t\t<img\n\t\t\t\t\ttitle=\"p1050719\"\n\t\t\t\t\talt=\"p1050719\"\n\t\t\t\t\tsrc=\"http:\/\/www.resursemediu.ro\/wp-content\/gallery\/eoliene\/thumbs\/thumbs_p1050719.jpg\"\n\t\t\t\t\twidth=\"120\"\n\t\t\t\t\theight=\"90\"\n\t\t\t\t\tstyle=\"max-width:100%;\"\n\t\t\t\t\/>\n\t\t\t<\/a>\n\t\t<\/div>\n\t\t\t\t\t\t\t<\/div>\n\t\t\t\n\t\t\n\t\t\t\t<div id=\"ngg-image-1\" class=\"ngg-gallery-thumbnail-box\"\n\t\t\t\t\t\t\t\t\t\t\t>\n\t\t\t\t\t\t<div class=\"ngg-gallery-thumbnail\">\n\t\t\t<a href=\"http:\/\/www.resursemediu.ro\/wp-content\/gallery\/eoliene\/p1050723.jpg\"\n\t\t\t\ttitle=\" \"\n\t\t\t\tdata-src=\"http:\/\/www.resursemediu.ro\/wp-content\/gallery\/eoliene\/p1050723.jpg\"\n\t\t\t\tdata-thumbnail=\"http:\/\/www.resursemediu.ro\/wp-content\/gallery\/eoliene\/thumbs\/thumbs_p1050723.jpg\"\n\t\t\t\tdata-image-id=\"18\"\n\t\t\t\tdata-title=\"p1050723\"\n\t\t\t\tdata-description=\" \"\n\t\t\t\tdata-image-slug=\"p1050723\"\n\t\t\t\t\t\t\t\t\t\t\t\t\t\t\t\t\t\t\t\tclass=\"ngg-fancybox\" rel=\"a60c3215a8d172c273fa46213df171ed\">\n\t\t\t\t\t\t\t\t<img\n\t\t\t\t\ttitle=\"p1050723\"\n\t\t\t\t\talt=\"p1050723\"\n\t\t\t\t\tsrc=\"http:\/\/www.resursemediu.ro\/wp-content\/gallery\/eoliene\/thumbs\/thumbs_p1050723.jpg\"\n\t\t\t\t\twidth=\"120\"\n\t\t\t\t\theight=\"90\"\n\t\t\t\t\tstyle=\"max-width:100%;\"\n\t\t\t\t\/>\n\t\t\t<\/a>\n\t\t<\/div>\n\t\t\t\t\t\t\t<\/div>\n\t\t\t\n\t\t\n\t\t\t\t<div id=\"ngg-image-2\" class=\"ngg-gallery-thumbnail-box\"\n\t\t\t\t\t\t\t\t\t\t\t>\n\t\t\t\t\t\t<div class=\"ngg-gallery-thumbnail\">\n\t\t\t<a href=\"http:\/\/www.resursemediu.ro\/wp-content\/gallery\/eoliene\/p1050724.jpg\"\n\t\t\t\ttitle=\" \"\n\t\t\t\tdata-src=\"http:\/\/www.resursemediu.ro\/wp-content\/gallery\/eoliene\/p1050724.jpg\"\n\t\t\t\tdata-thumbnail=\"http:\/\/www.resursemediu.ro\/wp-content\/gallery\/eoliene\/thumbs\/thumbs_p1050724.jpg\"\n\t\t\t\tdata-image-id=\"19\"\n\t\t\t\tdata-title=\"p1050724\"\n\t\t\t\tdata-description=\" \"\n\t\t\t\tdata-image-slug=\"p1050724\"\n\t\t\t\t\t\t\t\t\t\t\t\t\t\t\t\t\t\t\t\tclass=\"ngg-fancybox\" rel=\"a60c3215a8d172c273fa46213df171ed\">\n\t\t\t\t\t\t\t\t<img\n\t\t\t\t\ttitle=\"p1050724\"\n\t\t\t\t\talt=\"p1050724\"\n\t\t\t\t\tsrc=\"http:\/\/www.resursemediu.ro\/wp-content\/gallery\/eoliene\/thumbs\/thumbs_p1050724.jpg\"\n\t\t\t\t\twidth=\"120\"\n\t\t\t\t\theight=\"90\"\n\t\t\t\t\tstyle=\"max-width:100%;\"\n\t\t\t\t\/>\n\t\t\t<\/a>\n\t\t<\/div>\n\t\t\t\t\t\t\t<\/div>\n\t\t\t\n\t\t\n\t\t\t\t<div id=\"ngg-image-3\" class=\"ngg-gallery-thumbnail-box\"\n\t\t\t\t\t\t\t\t\t\t\t>\n\t\t\t\t\t\t<div class=\"ngg-gallery-thumbnail\">\n\t\t\t<a href=\"http:\/\/www.resursemediu.ro\/wp-content\/gallery\/eoliene\/p1050726.jpg\"\n\t\t\t\ttitle=\" \"\n\t\t\t\tdata-src=\"http:\/\/www.resursemediu.ro\/wp-content\/gallery\/eoliene\/p1050726.jpg\"\n\t\t\t\tdata-thumbnail=\"http:\/\/www.resursemediu.ro\/wp-content\/gallery\/eoliene\/thumbs\/thumbs_p1050726.jpg\"\n\t\t\t\tdata-image-id=\"20\"\n\t\t\t\tdata-title=\"p1050726\"\n\t\t\t\tdata-description=\" \"\n\t\t\t\tdata-image-slug=\"p1050726\"\n\t\t\t\t\t\t\t\t\t\t\t\t\t\t\t\t\t\t\t\tclass=\"ngg-fancybox\" rel=\"a60c3215a8d172c273fa46213df171ed\">\n\t\t\t\t\t\t\t\t<img\n\t\t\t\t\ttitle=\"p1050726\"\n\t\t\t\t\talt=\"p1050726\"\n\t\t\t\t\tsrc=\"http:\/\/www.resursemediu.ro\/wp-content\/gallery\/eoliene\/thumbs\/thumbs_p1050726.jpg\"\n\t\t\t\t\twidth=\"120\"\n\t\t\t\t\theight=\"90\"\n\t\t\t\t\tstyle=\"max-width:100%;\"\n\t\t\t\t\/>\n\t\t\t<\/a>\n\t\t<\/div>\n\t\t\t\t\t\t\t<\/div>\n\t\t\t\n\t\t\n\t\t\t\t<div id=\"ngg-image-4\" class=\"ngg-gallery-thumbnail-box\"\n\t\t\t\t\t\t\t\t\t\t\t>\n\t\t\t\t\t\t<div class=\"ngg-gallery-thumbnail\">\n\t\t\t<a href=\"http:\/\/www.resursemediu.ro\/wp-content\/gallery\/eoliene\/p1050732.jpg\"\n\t\t\t\ttitle=\" \"\n\t\t\t\tdata-src=\"http:\/\/www.resursemediu.ro\/wp-content\/gallery\/eoliene\/p1050732.jpg\"\n\t\t\t\tdata-thumbnail=\"http:\/\/www.resursemediu.ro\/wp-content\/gallery\/eoliene\/thumbs\/thumbs_p1050732.jpg\"\n\t\t\t\tdata-image-id=\"21\"\n\t\t\t\tdata-title=\"p1050732\"\n\t\t\t\tdata-description=\" \"\n\t\t\t\tdata-image-slug=\"p1050732\"\n\t\t\t\t\t\t\t\t\t\t\t\t\t\t\t\t\t\t\t\tclass=\"ngg-fancybox\" rel=\"a60c3215a8d172c273fa46213df171ed\">\n\t\t\t\t\t\t\t\t<img\n\t\t\t\t\ttitle=\"p1050732\"\n\t\t\t\t\talt=\"p1050732\"\n\t\t\t\t\tsrc=\"http:\/\/www.resursemediu.ro\/wp-content\/gallery\/eoliene\/thumbs\/thumbs_p1050732.jpg\"\n\t\t\t\t\twidth=\"120\"\n\t\t\t\t\theight=\"90\"\n\t\t\t\t\tstyle=\"max-width:100%;\"\n\t\t\t\t\/>\n\t\t\t<\/a>\n\t\t<\/div>\n\t\t\t\t\t\t\t<\/div>\n\t\t\t\n\t\t\n\t\t\t\t<div id=\"ngg-image-5\" class=\"ngg-gallery-thumbnail-box\"\n\t\t\t\t\t\t\t\t\t\t\t>\n\t\t\t\t\t\t<div class=\"ngg-gallery-thumbnail\">\n\t\t\t<a href=\"http:\/\/www.resursemediu.ro\/wp-content\/gallery\/eoliene\/p1050735.jpg\"\n\t\t\t\ttitle=\" \"\n\t\t\t\tdata-src=\"http:\/\/www.resursemediu.ro\/wp-content\/gallery\/eoliene\/p1050735.jpg\"\n\t\t\t\tdata-thumbnail=\"http:\/\/www.resursemediu.ro\/wp-content\/gallery\/eoliene\/thumbs\/thumbs_p1050735.jpg\"\n\t\t\t\tdata-image-id=\"22\"\n\t\t\t\tdata-title=\"p1050735\"\n\t\t\t\tdata-description=\" \"\n\t\t\t\tdata-image-slug=\"p1050735-2\"\n\t\t\t\t\t\t\t\t\t\t\t\t\t\t\t\t\t\t\t\tclass=\"ngg-fancybox\" rel=\"a60c3215a8d172c273fa46213df171ed\">\n\t\t\t\t\t\t\t\t<img\n\t\t\t\t\ttitle=\"p1050735\"\n\t\t\t\t\talt=\"p1050735\"\n\t\t\t\t\tsrc=\"http:\/\/www.resursemediu.ro\/wp-content\/gallery\/eoliene\/thumbs\/thumbs_p1050735.jpg\"\n\t\t\t\t\twidth=\"120\"\n\t\t\t\t\theight=\"90\"\n\t\t\t\t\tstyle=\"max-width:100%;\"\n\t\t\t\t\/>\n\t\t\t<\/a>\n\t\t<\/div>\n\t\t\t\t\t\t\t<\/div>\n\t\t\t\n\t\t\n\t\t\t\t<div id=\"ngg-image-6\" class=\"ngg-gallery-thumbnail-box\"\n\t\t\t\t\t\t\t\t\t\t\t>\n\t\t\t\t\t\t<div class=\"ngg-gallery-thumbnail\">\n\t\t\t<a href=\"http:\/\/www.resursemediu.ro\/wp-content\/gallery\/eoliene\/p1050739.jpg\"\n\t\t\t\ttitle=\" \"\n\t\t\t\tdata-src=\"http:\/\/www.resursemediu.ro\/wp-content\/gallery\/eoliene\/p1050739.jpg\"\n\t\t\t\tdata-thumbnail=\"http:\/\/www.resursemediu.ro\/wp-content\/gallery\/eoliene\/thumbs\/thumbs_p1050739.jpg\"\n\t\t\t\tdata-image-id=\"23\"\n\t\t\t\tdata-title=\"p1050739\"\n\t\t\t\tdata-description=\" \"\n\t\t\t\tdata-image-slug=\"p1050739-2\"\n\t\t\t\t\t\t\t\t\t\t\t\t\t\t\t\t\t\t\t\tclass=\"ngg-fancybox\" rel=\"a60c3215a8d172c273fa46213df171ed\">\n\t\t\t\t\t\t\t\t<img\n\t\t\t\t\ttitle=\"p1050739\"\n\t\t\t\t\talt=\"p1050739\"\n\t\t\t\t\tsrc=\"http:\/\/www.resursemediu.ro\/wp-content\/gallery\/eoliene\/thumbs\/thumbs_p1050739.jpg\"\n\t\t\t\t\twidth=\"120\"\n\t\t\t\t\theight=\"90\"\n\t\t\t\t\tstyle=\"max-width:100%;\"\n\t\t\t\t\/>\n\t\t\t<\/a>\n\t\t<\/div>\n\t\t\t\t\t\t\t<\/div>\n\t\t\t\n\t\t\n\t\t\t\t<div id=\"ngg-image-7\" class=\"ngg-gallery-thumbnail-box\"\n\t\t\t\t\t\t\t\t\t\t\t>\n\t\t\t\t\t\t<div class=\"ngg-gallery-thumbnail\">\n\t\t\t<a href=\"http:\/\/www.resursemediu.ro\/wp-content\/gallery\/eoliene\/p1050748.jpg\"\n\t\t\t\ttitle=\" \"\n\t\t\t\tdata-src=\"http:\/\/www.resursemediu.ro\/wp-content\/gallery\/eoliene\/p1050748.jpg\"\n\t\t\t\tdata-thumbnail=\"http:\/\/www.resursemediu.ro\/wp-content\/gallery\/eoliene\/thumbs\/thumbs_p1050748.jpg\"\n\t\t\t\tdata-image-id=\"24\"\n\t\t\t\tdata-title=\"p1050748\"\n\t\t\t\tdata-description=\" \"\n\t\t\t\tdata-image-slug=\"p1050748-2\"\n\t\t\t\t\t\t\t\t\t\t\t\t\t\t\t\t\t\t\t\tclass=\"ngg-fancybox\" rel=\"a60c3215a8d172c273fa46213df171ed\">\n\t\t\t\t\t\t\t\t<img\n\t\t\t\t\ttitle=\"p1050748\"\n\t\t\t\t\talt=\"p1050748\"\n\t\t\t\t\tsrc=\"http:\/\/www.resursemediu.ro\/wp-content\/gallery\/eoliene\/thumbs\/thumbs_p1050748.jpg\"\n\t\t\t\t\twidth=\"120\"\n\t\t\t\t\theight=\"90\"\n\t\t\t\t\tstyle=\"max-width:100%;\"\n\t\t\t\t\/>\n\t\t\t<\/a>\n\t\t<\/div>\n\t\t\t\t\t\t\t<\/div>\n\t\t\t\n\t\t\n\t\t\t\t<div id=\"ngg-image-8\" class=\"ngg-gallery-thumbnail-box\"\n\t\t\t\t\t\t\t\t\t\t\t>\n\t\t\t\t\t\t<div class=\"ngg-gallery-thumbnail\">\n\t\t\t<a href=\"http:\/\/www.resursemediu.ro\/wp-content\/gallery\/eoliene\/p1050749.jpg\"\n\t\t\t\ttitle=\" \"\n\t\t\t\tdata-src=\"http:\/\/www.resursemediu.ro\/wp-content\/gallery\/eoliene\/p1050749.jpg\"\n\t\t\t\tdata-thumbnail=\"http:\/\/www.resursemediu.ro\/wp-content\/gallery\/eoliene\/thumbs\/thumbs_p1050749.jpg\"\n\t\t\t\tdata-image-id=\"25\"\n\t\t\t\tdata-title=\"p1050749\"\n\t\t\t\tdata-description=\" \"\n\t\t\t\tdata-image-slug=\"p1050749-2\"\n\t\t\t\t\t\t\t\t\t\t\t\t\t\t\t\t\t\t\t\tclass=\"ngg-fancybox\" rel=\"a60c3215a8d172c273fa46213df171ed\">\n\t\t\t\t\t\t\t\t<img\n\t\t\t\t\ttitle=\"p1050749\"\n\t\t\t\t\talt=\"p1050749\"\n\t\t\t\t\tsrc=\"http:\/\/www.resursemediu.ro\/wp-content\/gallery\/eoliene\/thumbs\/thumbs_p1050749.jpg\"\n\t\t\t\t\twidth=\"120\"\n\t\t\t\t\theight=\"90\"\n\t\t\t\t\tstyle=\"max-width:100%;\"\n\t\t\t\t\/>\n\t\t\t<\/a>\n\t\t<\/div>\n\t\t\t\t\t\t\t<\/div>\n\t\t\t\n\t\t\n\t\t\t\t<div id=\"ngg-image-9\" class=\"ngg-gallery-thumbnail-box\"\n\t\t\t\t\t\t\t\t\t\t\t>\n\t\t\t\t\t\t<div class=\"ngg-gallery-thumbnail\">\n\t\t\t<a href=\"http:\/\/www.resursemediu.ro\/wp-content\/gallery\/eoliene\/p1050759.jpg\"\n\t\t\t\ttitle=\" \"\n\t\t\t\tdata-src=\"http:\/\/www.resursemediu.ro\/wp-content\/gallery\/eoliene\/p1050759.jpg\"\n\t\t\t\tdata-thumbnail=\"http:\/\/www.resursemediu.ro\/wp-content\/gallery\/eoliene\/thumbs\/thumbs_p1050759.jpg\"\n\t\t\t\tdata-image-id=\"26\"\n\t\t\t\tdata-title=\"p1050759\"\n\t\t\t\tdata-description=\" \"\n\t\t\t\tdata-image-slug=\"p1050759-2\"\n\t\t\t\t\t\t\t\t\t\t\t\t\t\t\t\t\t\t\t\tclass=\"ngg-fancybox\" rel=\"a60c3215a8d172c273fa46213df171ed\">\n\t\t\t\t\t\t\t\t<img\n\t\t\t\t\ttitle=\"p1050759\"\n\t\t\t\t\talt=\"p1050759\"\n\t\t\t\t\tsrc=\"http:\/\/www.resursemediu.ro\/wp-content\/gallery\/eoliene\/thumbs\/thumbs_p1050759.jpg\"\n\t\t\t\t\twidth=\"120\"\n\t\t\t\t\theight=\"90\"\n\t\t\t\t\tstyle=\"max-width:100%;\"\n\t\t\t\t\/>\n\t\t\t<\/a>\n\t\t<\/div>\n\t\t\t\t\t\t\t<\/div>\n\t\t\t\n\t\t\n\t\t\t\t<div id=\"ngg-image-10\" class=\"ngg-gallery-thumbnail-box\"\n\t\t\t\t\t\t\t\t\t\t\t>\n\t\t\t\t\t\t<div class=\"ngg-gallery-thumbnail\">\n\t\t\t<a href=\"http:\/\/www.resursemediu.ro\/wp-content\/gallery\/eoliene\/p1050760.jpg\"\n\t\t\t\ttitle=\" \"\n\t\t\t\tdata-src=\"http:\/\/www.resursemediu.ro\/wp-content\/gallery\/eoliene\/p1050760.jpg\"\n\t\t\t\tdata-thumbnail=\"http:\/\/www.resursemediu.ro\/wp-content\/gallery\/eoliene\/thumbs\/thumbs_p1050760.jpg\"\n\t\t\t\tdata-image-id=\"27\"\n\t\t\t\tdata-title=\"p1050760\"\n\t\t\t\tdata-description=\" \"\n\t\t\t\tdata-image-slug=\"p1050760-2\"\n\t\t\t\t\t\t\t\t\t\t\t\t\t\t\t\t\t\t\t\tclass=\"ngg-fancybox\" rel=\"a60c3215a8d172c273fa46213df171ed\">\n\t\t\t\t\t\t\t\t<img\n\t\t\t\t\ttitle=\"p1050760\"\n\t\t\t\t\talt=\"p1050760\"\n\t\t\t\t\tsrc=\"http:\/\/www.resursemediu.ro\/wp-content\/gallery\/eoliene\/thumbs\/thumbs_p1050760.jpg\"\n\t\t\t\t\twidth=\"120\"\n\t\t\t\t\theight=\"90\"\n\t\t\t\t\tstyle=\"max-width:100%;\"\n\t\t\t\t\/>\n\t\t\t<\/a>\n\t\t<\/div>\n\t\t\t\t\t\t\t<\/div>\n\t\t\t\n\t\t\n\t\t\t\t<div id=\"ngg-image-11\" class=\"ngg-gallery-thumbnail-box\"\n\t\t\t\t\t\t\t\t\t\t\t>\n\t\t\t\t\t\t<div class=\"ngg-gallery-thumbnail\">\n\t\t\t<a href=\"http:\/\/www.resursemediu.ro\/wp-content\/gallery\/eoliene\/p1050761.jpg\"\n\t\t\t\ttitle=\" \"\n\t\t\t\tdata-src=\"http:\/\/www.resursemediu.ro\/wp-content\/gallery\/eoliene\/p1050761.jpg\"\n\t\t\t\tdata-thumbnail=\"http:\/\/www.resursemediu.ro\/wp-content\/gallery\/eoliene\/thumbs\/thumbs_p1050761.jpg\"\n\t\t\t\tdata-image-id=\"28\"\n\t\t\t\tdata-title=\"p1050761\"\n\t\t\t\tdata-description=\" \"\n\t\t\t\tdata-image-slug=\"p1050761-2\"\n\t\t\t\t\t\t\t\t\t\t\t\t\t\t\t\t\t\t\t\tclass=\"ngg-fancybox\" rel=\"a60c3215a8d172c273fa46213df171ed\">\n\t\t\t\t\t\t\t\t<img\n\t\t\t\t\ttitle=\"p1050761\"\n\t\t\t\t\talt=\"p1050761\"\n\t\t\t\t\tsrc=\"http:\/\/www.resursemediu.ro\/wp-content\/gallery\/eoliene\/thumbs\/thumbs_p1050761.jpg\"\n\t\t\t\t\twidth=\"120\"\n\t\t\t\t\theight=\"90\"\n\t\t\t\t\tstyle=\"max-width:100%;\"\n\t\t\t\t\/>\n\t\t\t<\/a>\n\t\t<\/div>\n\t\t\t\t\t\t\t<\/div>\n\t\t\t\n\t\t\n\t\t\t\t<div id=\"ngg-image-12\" class=\"ngg-gallery-thumbnail-box\"\n\t\t\t\t\t\t\t\t\t\t\t>\n\t\t\t\t\t\t<div class=\"ngg-gallery-thumbnail\">\n\t\t\t<a href=\"http:\/\/www.resursemediu.ro\/wp-content\/gallery\/eoliene\/p1050762.jpg\"\n\t\t\t\ttitle=\" \"\n\t\t\t\tdata-src=\"http:\/\/www.resursemediu.ro\/wp-content\/gallery\/eoliene\/p1050762.jpg\"\n\t\t\t\tdata-thumbnail=\"http:\/\/www.resursemediu.ro\/wp-content\/gallery\/eoliene\/thumbs\/thumbs_p1050762.jpg\"\n\t\t\t\tdata-image-id=\"29\"\n\t\t\t\tdata-title=\"p1050762\"\n\t\t\t\tdata-description=\" \"\n\t\t\t\tdata-image-slug=\"p1050762-2\"\n\t\t\t\t\t\t\t\t\t\t\t\t\t\t\t\t\t\t\t\tclass=\"ngg-fancybox\" rel=\"a60c3215a8d172c273fa46213df171ed\">\n\t\t\t\t\t\t\t\t<img\n\t\t\t\t\ttitle=\"p1050762\"\n\t\t\t\t\talt=\"p1050762\"\n\t\t\t\t\tsrc=\"http:\/\/www.resursemediu.ro\/wp-content\/gallery\/eoliene\/thumbs\/thumbs_p1050762.jpg\"\n\t\t\t\t\twidth=\"120\"\n\t\t\t\t\theight=\"90\"\n\t\t\t\t\tstyle=\"max-width:100%;\"\n\t\t\t\t\/>\n\t\t\t<\/a>\n\t\t<\/div>\n\t\t\t\t\t\t\t<\/div>\n\t\t\t\n\t\t\n\t\t\t\t<div id=\"ngg-image-13\" class=\"ngg-gallery-thumbnail-box\"\n\t\t\t\t\t\t\t\t\t\t\t>\n\t\t\t\t\t\t<div class=\"ngg-gallery-thumbnail\">\n\t\t\t<a href=\"http:\/\/www.resursemediu.ro\/wp-content\/gallery\/eoliene\/p1050763.jpg\"\n\t\t\t\ttitle=\" \"\n\t\t\t\tdata-src=\"http:\/\/www.resursemediu.ro\/wp-content\/gallery\/eoliene\/p1050763.jpg\"\n\t\t\t\tdata-thumbnail=\"http:\/\/www.resursemediu.ro\/wp-content\/gallery\/eoliene\/thumbs\/thumbs_p1050763.jpg\"\n\t\t\t\tdata-image-id=\"30\"\n\t\t\t\tdata-title=\"p1050763\"\n\t\t\t\tdata-description=\" \"\n\t\t\t\tdata-image-slug=\"p1050763-2\"\n\t\t\t\t\t\t\t\t\t\t\t\t\t\t\t\t\t\t\t\tclass=\"ngg-fancybox\" rel=\"a60c3215a8d172c273fa46213df171ed\">\n\t\t\t\t\t\t\t\t<img\n\t\t\t\t\ttitle=\"p1050763\"\n\t\t\t\t\talt=\"p1050763\"\n\t\t\t\t\tsrc=\"http:\/\/www.resursemediu.ro\/wp-content\/gallery\/eoliene\/thumbs\/thumbs_p1050763.jpg\"\n\t\t\t\t\twidth=\"120\"\n\t\t\t\t\theight=\"90\"\n\t\t\t\t\tstyle=\"max-width:100%;\"\n\t\t\t\t\/>\n\t\t\t<\/a>\n\t\t<\/div>\n\t\t\t\t\t\t\t<\/div>\n\t\t\t\n\t\t\n\t\t\t\t<div id=\"ngg-image-14\" class=\"ngg-gallery-thumbnail-box\"\n\t\t\t\t\t\t\t\t\t\t\t>\n\t\t\t\t\t\t<div class=\"ngg-gallery-thumbnail\">\n\t\t\t<a href=\"http:\/\/www.resursemediu.ro\/wp-content\/gallery\/eoliene\/p1050765.jpg\"\n\t\t\t\ttitle=\" \"\n\t\t\t\tdata-src=\"http:\/\/www.resursemediu.ro\/wp-content\/gallery\/eoliene\/p1050765.jpg\"\n\t\t\t\tdata-thumbnail=\"http:\/\/www.resursemediu.ro\/wp-content\/gallery\/eoliene\/thumbs\/thumbs_p1050765.jpg\"\n\t\t\t\tdata-image-id=\"31\"\n\t\t\t\tdata-title=\"p1050765\"\n\t\t\t\tdata-description=\" \"\n\t\t\t\tdata-image-slug=\"p1050765\"\n\t\t\t\t\t\t\t\t\t\t\t\t\t\t\t\t\t\t\t\tclass=\"ngg-fancybox\" rel=\"a60c3215a8d172c273fa46213df171ed\">\n\t\t\t\t\t\t\t\t<img\n\t\t\t\t\ttitle=\"p1050765\"\n\t\t\t\t\talt=\"p1050765\"\n\t\t\t\t\tsrc=\"http:\/\/www.resursemediu.ro\/wp-content\/gallery\/eoliene\/thumbs\/thumbs_p1050765.jpg\"\n\t\t\t\t\twidth=\"120\"\n\t\t\t\t\theight=\"90\"\n\t\t\t\t\tstyle=\"max-width:100%;\"\n\t\t\t\t\/>\n\t\t\t<\/a>\n\t\t<\/div>\n\t\t\t\t\t\t\t<\/div>\n\t\t\t\n\t\t\n\t\t\n\t\t<!-- Pagination -->\n\t\t<div class='ngg-clear'><\/div>\t<\/div>\n<\/p>\n","protected":false},"excerpt":{"rendered":"","protected":false},"author":2,"featured_media":0,"parent":153,"menu_order":0,"comment_status":"open","ping_status":"open","template":"","meta":{"ngg_post_thumbnail":0,"footnotes":""},"class_list":["post-157","page","type-page","status-publish","hentry"],"_links":{"self":[{"href":"http:\/\/www.resursemediu.ro\/index.php?rest_route=\/wp\/v2\/pages\/157","targetHints":{"allow":["GET"]}}],"collection":[{"href":"http:\/\/www.resursemediu.ro\/index.php?rest_route=\/wp\/v2\/pages"}],"about":[{"href":"http:\/\/www.resursemediu.ro\/index.php?rest_route=\/wp\/v2\/types\/page"}],"author":[{"embeddable":true,"href":"http:\/\/www.resursemediu.ro\/index.php?rest_route=\/wp\/v2\/users\/2"}],"replies":[{"embeddable":true,"href":"http:\/\/www.resursemediu.ro\/index.php?rest_route=%2Fwp%2Fv2%2Fcomments&post=157"}],"version-history":[{"count":4,"href":"http:\/\/www.resursemediu.ro\/index.php?rest_route=\/wp\/v2\/pages\/157\/revisions"}],"predecessor-version":[{"id":183,"href":"http:\/\/www.resursemediu.ro\/index.php?rest_route=\/wp\/v2\/pages\/157\/revisions\/183"}],"up":[{"embeddable":true,"href":"http:\/\/www.resursemediu.ro\/index.php?rest_route=\/wp\/v2\/pages\/153"}],"wp:attachment":[{"href":"http:\/\/www.resursemediu.ro\/index.php?rest_route=%2Fwp%2Fv2%2Fmedia&parent=157"}],"curies":[{"name":"wp","href":"https:\/\/api.w.org\/{rel}","templated":true}]}}