{"id":110,"date":"2012-12-31T14:14:42","date_gmt":"2012-12-31T12:14:42","guid":{"rendered":"http:\/\/www.resursemediu.ro\/?page_id=110"},"modified":"2013-08-30T11:40:24","modified_gmt":"2013-08-30T09:40:24","slug":"home1","status":"publish","type":"page","link":"http:\/\/www.resursemediu.ro\/?lang=ro","title":{"rendered":"Prima pagin\u0103"},"content":{"rendered":"<div class=\"one_third\"><strong>Centrul de Resurse pentru Mediu<\/strong>  este o societate comercial\u0103 cu capital integral rom\u00e2nesc, \u00eenfiin\u021bat\u0103 pentru a r\u0103spunde unor cerin\u021be \u201ede ni\u0219\u0103\u201d ale pie\u021bei de management \u0219i consultan\u021b\u0103 din Rom\u00e2nia. Ni\u0219a pe care o viz\u0103m est cea a sprijinului pentru proiectele aplicate \u00een domeniile noilor tehnologii orientate spre \u201eenergia verde\u201d \u0219i \u00een egal\u0103 m\u0103sur\u0103 spre acele tehnologii nepoluante, \u201eprietenoase fa\u021b\u0103 de mediu\u201d.<\/p>\n\n\n                <a class=\"medium custom-button align-btn-left\" href=\"http:\/\/www.resursemediu.ro\/studii-de-mediu\/\" title=\"Detalii\"><span style=\"background-color:#FF5C00; color:#FFFFFF\">Detalii<\/span><\/a>\n\n\t     \n<\/div><div class=\"one_third last_column\">CRM are \u00een ac\u021bionariatul s\u0103u compania <strong>Discimus<\/strong> srl, o companie care a luat fiin\u021b\u0103 \u00een anul 2003 \u0219i care a acumulat mai mult\u0103 experien\u021b\u0103 \u00een domeniul s\u0103u de activitate.<\/p>\n<p>Axat pe oferirea de servicii de asisten\u021b\u0103 \u00een toate etapele de realizare a proiectelor de investi\u021bii, CRM este preocupat s\u0103 sprijine acele proiecte prin care se promoveaz\u0103 principiile dezvolt\u0103rii durabile, exploatarea \u0219i valorificarea durabil\u0103 a resurselor naturale, precum \u0219i egalitatea de \u0219anse \u00eentre genera\u021bia uman\u0103 actual\u0103 \u0219i cele care vor urma.<\/div>\n","protected":false},"excerpt":{"rendered":"","protected":false},"author":2,"featured_media":0,"parent":0,"menu_order":0,"comment_status":"open","ping_status":"open","template":"","meta":{"ngg_post_thumbnail":0,"footnotes":""},"class_list":["post-110","page","type-page","status-publish","hentry"],"_links":{"self":[{"href":"http:\/\/www.resursemediu.ro\/index.php?rest_route=\/wp\/v2\/pages\/110","targetHints":{"allow":["GET"]}}],"collection":[{"href":"http:\/\/www.resursemediu.ro\/index.php?rest_route=\/wp\/v2\/pages"}],"about":[{"href":"http:\/\/www.resursemediu.ro\/index.php?rest_route=\/wp\/v2\/types\/page"}],"author":[{"embeddable":true,"href":"http:\/\/www.resursemediu.ro\/index.php?rest_route=\/wp\/v2\/users\/2"}],"replies":[{"embeddable":true,"href":"http:\/\/www.resursemediu.ro\/index.php?rest_route=%2Fwp%2Fv2%2Fcomments&post=110"}],"version-history":[{"count":11,"href":"http:\/\/www.resursemediu.ro\/index.php?rest_route=\/wp\/v2\/pages\/110\/revisions"}],"predecessor-version":[{"id":147,"href":"http:\/\/www.resursemediu.ro\/index.php?rest_route=\/wp\/v2\/pages\/110\/revisions\/147"}],"wp:attachment":[{"href":"http:\/\/www.resursemediu.ro\/index.php?rest_route=%2Fwp%2Fv2%2Fmedia&parent=110"}],"curies":[{"name":"wp","href":"https:\/\/api.w.org\/{rel}","templated":true}]}}